{"id":17,"date":"2010-10-20T23:52:18","date_gmt":"2010-10-20T21:52:18","guid":{"rendered":"http:\/\/www.vega.zeidlos.de\/wp\/?page_id=17"},"modified":"2011-08-26T17:30:55","modified_gmt":"2011-08-26T15:30:55","slug":"unser-heim","status":"publish","type":"page","link":"http:\/\/www.stamm-vega.de\/?page_id=17","title":{"rendered":"Unser Heim"},"content":{"rendered":"<p><iframe loading=\"lazy\" width=\"550\" height=\"550\" frameborder=\"0\" scrolling=\"no\" marginheight=\"0\" marginwidth=\"0\" src=\"http:\/\/maps.google.de\/maps\/ms?msa=0&amp;msid=214604227518000652625.0004ab6a23c597c6ebb6a&amp;ie=UTF8&amp;vpsrc=6&amp;ll=54.673831,8.4375&amp;spn=4.447943,9.338379&amp;z=6&amp;output=embed\"><\/iframe><\/p>\n<p>Dort oben im Norden Deutschlands liegt die kleine Insel F\u00f6hr. In einem sehr ruhigen und idyllischen Dorf namens S\u00fcderende haben wir vom Stamm Vega unser Hauptquartier. Wo sich Hase und Igel noch gute Nacht sagen, lauschen jenen ab und zu ein paar Pfadfinder im Wald hinter der Kirche St. Laurentii.<\/p>\n<p>Die w\u00f6chentlichen Gruppenstunden finden im Pastorat der Gemeinde statt. Im Keller bewohnen wir drei R\u00e4ume. Der erste ist unser \u201eWohnzimmer\u201c, dann haben wir noch eine kleine K\u00fcche und den Materialraum, dort befinden sich z.B. unsere Zelte, Bastelmaterial, B\u00e4lle, Seile, Beile usw. Bei sch\u00f6nem Wetter halten wir uns aber auch gerne auf der Wiese hinter der Kirche bei dem kleinen Wald. Dort finden auch unsere Lager statt.<\/p>\n<p><a href=\"http:\/\/www.stamm-vega.de\/wp\/wp-content\/uploads\/2010\/10\/h\u00fctte.jpg\"><img decoding=\"async\" src=\"http:\/\/www.stamm-vega.de\/wp\/wp-content\/uploads\/2010\/10\/h\u00fctte.jpg\" alt=\"\" title=\"h\u00fctte\" width=\"640\" class=\"alignnone size-full wp-image-63\" srcset=\"http:\/\/www.stamm-vega.de\/wp\/wp-content\/uploads\/2010\/10\/h\u00fctte.jpg 912w, http:\/\/www.stamm-vega.de\/wp\/wp-content\/uploads\/2010\/10\/h\u00fctte-300x225.jpg 300w\" sizes=\"(max-width: 912px) 100vw, 912px\" \/><\/a><\/p>\n<p>In der kalten Jahreszeit, wenn das Wetter ungem\u00fctlich wird, ist die H\u00fctte neben der Wiese unser Treffpunkt. Das Au\u00dfengel\u00e4nde ist zu einem kleinen Erlebnisparcours gestaltet. Eine gro\u00dfe Schaukel zwischen den B\u00e4umen, eine Slackline, eine Riesenh\u00e4ngematte aus einem Fischerrnetz, ein Baumhaus und eine Hollywoodschaukel haben wir drau\u00dfen neben einer Sitzecke mit Feuerstelle und Ofen. In der H\u00fctte haben wir einen Kamin, mit dem wir die heizen, und einen separaten Raum f\u00fcr unser Material wie S\u00e4gen und \u00e4hnliches. In der H\u00fctte ist es immer sehr gem\u00fctlich im Herbst und Winter, man kann hier auch mit einer gro\u00dfen Horte gut \u00fcbernachten.<\/p>\n<p>Wir lernen gerne neue Menschen kennen und freuen uns immer \u00fcber lieben Besuch von gleichgesinnten Pfadfindern.<\/p>\n","protected":false},"excerpt":{"rendered":"<p>Dort oben im Norden Deutschlands liegt die kleine Insel F\u00f6hr. In einem sehr ruhigen und idyllischen Dorf namens S\u00fcderende haben wir vom Stamm Vega unser Hauptquartier. Wo sich Hase und Igel noch gute Nacht sagen, lauschen jenen ab und zu ein paar Pfadfinder im Wald hinter der Kirche St. Laurentii. Die w\u00f6chentlichen Gruppenstunden finden im [&hellip;]<\/p>\n","protected":false},"author":1,"featured_media":0,"parent":0,"menu_order":15,"comment_status":"closed","ping_status":"closed","template":"","meta":[],"_links":{"self":[{"href":"http:\/\/www.stamm-vega.de\/index.php?rest_route=\/wp\/v2\/pages\/17"}],"collection":[{"href":"http:\/\/www.stamm-vega.de\/index.php?rest_route=\/wp\/v2\/pages"}],"about":[{"href":"http:\/\/www.stamm-vega.de\/index.php?rest_route=\/wp\/v2\/types\/page"}],"author":[{"embeddable":true,"href":"http:\/\/www.stamm-vega.de\/index.php?rest_route=\/wp\/v2\/users\/1"}],"replies":[{"embeddable":true,"href":"http:\/\/www.stamm-vega.de\/index.php?rest_route=%2Fwp%2Fv2%2Fcomments&post=17"}],"version-history":[{"count":12,"href":"http:\/\/www.stamm-vega.de\/index.php?rest_route=\/wp\/v2\/pages\/17\/revisions"}],"predecessor-version":[{"id":68,"href":"http:\/\/www.stamm-vega.de\/index.php?rest_route=\/wp\/v2\/pages\/17\/revisions\/68"}],"wp:attachment":[{"href":"http:\/\/www.stamm-vega.de\/index.php?rest_route=%2Fwp%2Fv2%2Fmedia&parent=17"}],"curies":[{"name":"wp","href":"https:\/\/api.w.org\/{rel}","templated":true}]}}