{"id":51,"date":"2011-08-26T17:07:19","date_gmt":"2011-08-26T15:07:19","guid":{"rendered":"http:\/\/www.stamm-vega.de\/?page_id=51"},"modified":"2011-08-26T19:41:11","modified_gmt":"2011-08-26T17:41:11","slug":"die-horten","status":"publish","type":"page","link":"http:\/\/www.stamm-vega.de\/?page_id=51","title":{"rendered":"Die Horten"},"content":{"rendered":"<p><strong>Tuataras<\/strong><\/p>\n<p>Unsere Horte nennt sich Tuatara.<\/p>\n<p>Sie besteht aus sechs kleinen M\u00e4dchen (9-12 Jahre) und einer Hortenf\u00fchrerin.<\/p>\n<p>Bei sieben ganz unterschiedlichen M\u00e4dels wird es in einer Gruppenstunde nie langweilig. Es gibt immer viel zu lachen oder ein neues Thema zum reden. Au\u00dferdem singen wir viel \u2013 nat\u00fcrlich von einer Gitarre begleitet, denn bei uns spielen schon drei Leute Gitarre. Selbst wenn einmal etwas nicht so klappt, wie es sollte, bleibt immer mindestens einer noch optimistisch und heitert alle anderen dann wieder auf!<\/p>\n<p><strong>\u00a0<\/strong><\/p>\n<p><strong>Grizzlys<\/strong><\/p>\n<p>Wir sind 11 Jungs im Alter von 9-12 Jahren und zwei Hortenf\u00fchrer. Auf dem Pfingstlager 2011 haben wir den Preis f\u00fcr die \u201eBeste Horte des Stamm Vegas\u201c bei einer Lagerolympiade erk\u00e4mpft. Unser Hortentier ist der Grizzlyb\u00e4r \u2013 und genau so sind wir auch: b\u00e4renstark und manchmal etwas faul. In den Gruppenstunden toben wir uns am liebsten richtig aus \u2013 um uns danach oft mit einer gro\u00dfen Ration an Keksen wieder zu st\u00e4rken. Momentan bereiten wir uns f\u00fcr die W\u00f6lflingsprobe auf dem Herbstlager vor, damit wir danach stolz unser rotes Tuch tragen k\u00f6nnen.<\/p>\n<p>&nbsp;<\/p>\n<p><strong>Vikunjas<\/strong><\/p>\n<p>Unsere Horte besteht aus zehn W\u00f6lflingen und einer Hortenf\u00fchrerin.<\/p>\n<p>Zwar sind wir viele, aber daf\u00fcr wird es uns im Zelt nie kalt!<\/p>\n<p>Wir sind M\u00e4dchen im Alter von 11-12 Jahren.<\/p>\n<p>Unser Hortentier ist ein Zwergkamel. Das Vikunja findet man heute noch in den Hochanden Ecuadors, Perus, Boliviens, Argentiniens und Chiles.<\/p>\n<p>Aber uns Vikunjas findet man meistens im Wald, auf unserer Wiese oder wenn das Wetter k\u00e4lter wird in der H\u00fctte. Wir sind eine sehr lustige Truppe, zusammen k\u00f6nnen wir stundenlang lachen und reden. Am liebsten spielen wir \u201eWerw\u00f6lfe von D\u00fcsterwald\u201c oder \u201ehei\u00dfe Kartoffel\u201c (dieses Spiel haben wir uns sogar selbst ausgedacht). Bei H\u00fcttenlagern im Winter d\u00fcrfen Marshmallows auf keinen Fall fehlen, denn so manch ein Lager hinterlie\u00df unvergessliche Erinnerungen.<\/p>\n<p>&nbsp;<\/p>\n<p><strong>Haselm\u00e4use<\/strong><\/p>\n<p>Wir sind die Haselm\u00e4use. Wir sind sechs M\u00e4dchen im Alter von 12-14 Jahren und zwei Hortenf\u00fchrerinnen. Unser Hortentier ist eine kleines Tier, das auf Haselb\u00e4umen lebt und sich von Haseln\u00fcssen ern\u00e4hrt. Wir lieben es, auf Lager zu gehen und dort verr\u00fcckte Dinge zu tun, wie zum Beispiel eine Massagebank f\u00fcr den Stamm zu bauen oder andere Horten zu \u00fcberfallen. Im Sommer 2011 waren wir in Schweden auf Fahrt. Wir sind Kanu gefahren und hatten viele, sch\u00f6ne Erlebnisse. Auch wenn wir alle so verschieden sind; die eine macht gerne Musik, die andere reitet gerne und die n\u00e4chste macht gerne viel Sport, halten wir gut zusammen und haben eines gemeinsam: Wir sind Haselm\u00e4use!<\/p>\n<p><strong>\u00a0<\/strong><\/p>\n<p><strong>Lemminge<\/strong><\/p>\n<p>Wir Lemminge sind eine reine M\u00e4dchenhorte mit 8 Mitgliedern und einer Hortenf\u00fchrerin. Wir sind zwischen 12 und 14 Jahre alt, lieben alle m\u00f6glichen Abenteuer und haben auch schon viel zusammen erlebt, wie z.B unsere Fahrradtour durch D\u00e4nemark, und viele sch\u00f6ne Lager in einem kleinen schwarzen Zelt auf einer gro\u00dfen Wiese. Lemminge sind kleine Nagetiere, die es nicht m\u00f6gen alleine zu sein, deshalb treten sie meistens in Gruppen auf. Aber wenn ihr mal einen von den Lemmingen braucht, trefft ihr sicher welche jeden Dienstag im Pastorat in S\u00fcderende.<\/p>\n<p>&nbsp;<\/p>\n<p><strong>Fossas<\/strong><\/p>\n<p>Die Fossas sind 8 Jungs im Alter 13-16. Davon sind 5 Jungpfadfinder, 2 noch W\u00f6lflinge (das wird sich aber bald \u00e4ndern) und ein Hortenf\u00fchrer. In dieser Zusammensetzung sind wir seit dem Pfingstlager 2011. Dort bekamen wir Zuwachs, jetzt sind wir genau 8.\u00a0 Fossa, das ist die Abk\u00fcrzung f\u00fcr unser Hortentier: Fossa Fossana oder auch Fanaloka, eine Raubkatze, die an der Ostk\u00fcste Madagaskars lebt. Zurzeit lernen wir einiges \u00fcber Pfadfindertechnik, Geschichte und vieles mehr.<\/p>\n<p>In den Gruppenstunden haben wir immer viel Spa\u00df, besonders bei sehr hei\u00dfem Wetter \u2013 Wasserschlacht! Unser Wimpel und einige Lager sind in Planung. Da wir jetzt die \u00e4lteste aktive Jungshorte im Stamm sind, werden wir ordentlich reinhauen und den Stamm kr\u00e4ftig unterst\u00fctzen.<\/p>\n<p>&nbsp;<\/p>\n<p><strong>Impalas<\/strong><\/p>\n<p>Acht junge, aufgeweckte und unternehmungslustige M\u00e4dels, alle ungef\u00e4hr im selben Alter (15-17), das sind die Impalas! Unsere 6 Sipplinge sind alle Jungpfadfinder, aber einige schon oder bald auf dem Weg zum Waldl\u00e4ufer. Ganz viel Spa\u00df haben wir in den Gruppenstunden, beim Tee trinken, kreativ sein, Musizieren und nat\u00fcrlich Quatschen! Erste richtig gro\u00dfe Fahrten und weitere Lager stehen in Planung. Unser Hortename kommt \u00fcbrigens aus der isiZulu Sprache und bezeichnet die mittelgro\u00dfe afrikanische Schwarzfersenantilope. Alles im allem versuchen wir nun richtig intensiv das Pfadfindern zu erleben und sich f\u00fcr unseren Stamm ins Zeug zu legen!<\/p>\n","protected":false},"excerpt":{"rendered":"<p>Tuataras Unsere Horte nennt sich Tuatara. Sie besteht aus sechs kleinen M\u00e4dchen (9-12 Jahre) und einer Hortenf\u00fchrerin. Bei sieben ganz unterschiedlichen M\u00e4dels wird es in einer Gruppenstunde nie langweilig. Es gibt immer viel zu lachen oder ein neues Thema zum reden. Au\u00dferdem singen wir viel \u2013 nat\u00fcrlich von einer Gitarre begleitet, denn bei uns spielen [&hellip;]<\/p>\n","protected":false},"author":1,"featured_media":0,"parent":13,"menu_order":0,"comment_status":"closed","ping_status":"closed","template":"","meta":[],"_links":{"self":[{"href":"http:\/\/www.stamm-vega.de\/index.php?rest_route=\/wp\/v2\/pages\/51"}],"collection":[{"href":"http:\/\/www.stamm-vega.de\/index.php?rest_route=\/wp\/v2\/pages"}],"about":[{"href":"http:\/\/www.stamm-vega.de\/index.php?rest_route=\/wp\/v2\/types\/page"}],"author":[{"embeddable":true,"href":"http:\/\/www.stamm-vega.de\/index.php?rest_route=\/wp\/v2\/users\/1"}],"replies":[{"embeddable":true,"href":"http:\/\/www.stamm-vega.de\/index.php?rest_route=%2Fwp%2Fv2%2Fcomments&post=51"}],"version-history":[{"count":5,"href":"http:\/\/www.stamm-vega.de\/index.php?rest_route=\/wp\/v2\/pages\/51\/revisions"}],"predecessor-version":[{"id":85,"href":"http:\/\/www.stamm-vega.de\/index.php?rest_route=\/wp\/v2\/pages\/51\/revisions\/85"}],"up":[{"embeddable":true,"href":"http:\/\/www.stamm-vega.de\/index.php?rest_route=\/wp\/v2\/pages\/13"}],"wp:attachment":[{"href":"http:\/\/www.stamm-vega.de\/index.php?rest_route=%2Fwp%2Fv2%2Fmedia&parent=51"}],"curies":[{"name":"wp","href":"https:\/\/api.w.org\/{rel}","templated":true}]}}