{"id":69,"date":"2011-08-26T17:32:05","date_gmt":"2011-08-26T15:32:05","guid":{"rendered":"http:\/\/www.stamm-vega.de\/?page_id=69"},"modified":"2011-08-26T17:39:17","modified_gmt":"2011-08-26T15:39:17","slug":"mitmachen","status":"publish","type":"page","link":"http:\/\/www.stamm-vega.de\/?page_id=69","title":{"rendered":"Mitmachen"},"content":{"rendered":"<p><a href=\"http:\/\/www.stamm-vega.de\/wp\/wp-content\/uploads\/2011\/08\/jubel.jpg\"><img decoding=\"async\" loading=\"lazy\" class=\"alignnone size-full wp-image-76\" title=\"jubel\" src=\"http:\/\/www.stamm-vega.de\/wp\/wp-content\/uploads\/2011\/08\/jubel.jpg\" alt=\"\" width=\"640\" height=\"428\" srcset=\"http:\/\/www.stamm-vega.de\/wp\/wp-content\/uploads\/2011\/08\/jubel.jpg 640w, http:\/\/www.stamm-vega.de\/wp\/wp-content\/uploads\/2011\/08\/jubel-300x200.jpg 300w\" sizes=\"(max-width: 640px) 100vw, 640px\" \/><\/a><\/p>\n<p>Wenn du auf Abenteuer, gro\u00dfe Fahrten und N\u00e4chte am Feuer Lust hast, bist du bei uns genau richtig. Wir treffen uns in den Horten einmal die Woche um zu spielen, werkeln, singen und was uns sonst noch Spa\u00df macht und um alles zu lernen, was man f\u00fcr das Leben drau\u00dfen braucht.<\/p>\n<p>Mit den Horten zelten wir manchmal am Wochenende auf unserer Wiese oder \u00fcbernachten in der H\u00fctte. Sp\u00e4testens ab dem Jungpfadfinderalter geht es jeden Sommer auf Fahrt. Es gibt auch immer wieder Aktionen mit dem ganzen Stamm. Zweimal im Jahr kommen wir alle zu einem gro\u00dfen Lager zusammen und dann ist richtig viel los. Es gibt wilde Gel\u00e4ndespiele, bei denen Sch\u00e4tze gefunden und gegnerischen Mannschaften ausspioniert und \u00fcberfallen werden. Wir kochen unser Essen nat\u00fcrlich selbst auf dem Feuer, wir bauen und t\u00fcfteln und am Schluss wird es immer ganz feierlich, wenn wir uns zur gro\u00dfen Feuerrunde in der Jurte treffen. Wir singen zusammen und feiern, wenn zum Beispiel wieder Jungpfadfinder ihre T\u00fccher geschafft haben oder neue Pfadfinder im Stamm aufgenommen werden.<\/p>\n<p><a href=\"http:\/\/www.stamm-vega.de\/wp\/wp-content\/uploads\/2011\/08\/feuer.jpg\"><img decoding=\"async\" loading=\"lazy\" class=\"alignnone size-full wp-image-78\" title=\"feuer\" src=\"http:\/\/www.stamm-vega.de\/wp\/wp-content\/uploads\/2011\/08\/feuer.jpg\" alt=\"\" width=\"640\" height=\"426\" srcset=\"http:\/\/www.stamm-vega.de\/wp\/wp-content\/uploads\/2011\/08\/feuer.jpg 640w, http:\/\/www.stamm-vega.de\/wp\/wp-content\/uploads\/2011\/08\/feuer-300x199.jpg 300w\" sizes=\"(max-width: 640px) 100vw, 640px\" \/><\/a><\/p>\n<p>Uns sind vor allem das Zusammensein und die Gemeinschaft wichtig, du musst gar nicht besonders mutig oder stark sein, um bei uns mitmachen zu k\u00f6nnen. Schreib einfach eine E-Mail mit deinem Namen und Alter an <a href=\"mailto:post@stammvega.de\">post@stammvega.de<\/a>, wenn du uns kennenlernen m\u00f6chtest.<\/p>\n","protected":false},"excerpt":{"rendered":"<p>Wenn du auf Abenteuer, gro\u00dfe Fahrten und N\u00e4chte am Feuer Lust hast, bist du bei uns genau richtig. Wir treffen uns in den Horten einmal die Woche um zu spielen, werkeln, singen und was uns sonst noch Spa\u00df macht und um alles zu lernen, was man f\u00fcr das Leben drau\u00dfen braucht. Mit den Horten zelten [&hellip;]<\/p>\n","protected":false},"author":1,"featured_media":0,"parent":0,"menu_order":0,"comment_status":"closed","ping_status":"closed","template":"","meta":[],"_links":{"self":[{"href":"http:\/\/www.stamm-vega.de\/index.php?rest_route=\/wp\/v2\/pages\/69"}],"collection":[{"href":"http:\/\/www.stamm-vega.de\/index.php?rest_route=\/wp\/v2\/pages"}],"about":[{"href":"http:\/\/www.stamm-vega.de\/index.php?rest_route=\/wp\/v2\/types\/page"}],"author":[{"embeddable":true,"href":"http:\/\/www.stamm-vega.de\/index.php?rest_route=\/wp\/v2\/users\/1"}],"replies":[{"embeddable":true,"href":"http:\/\/www.stamm-vega.de\/index.php?rest_route=%2Fwp%2Fv2%2Fcomments&post=69"}],"version-history":[{"count":7,"href":"http:\/\/www.stamm-vega.de\/index.php?rest_route=\/wp\/v2\/pages\/69\/revisions"}],"predecessor-version":[{"id":73,"href":"http:\/\/www.stamm-vega.de\/index.php?rest_route=\/wp\/v2\/pages\/69\/revisions\/73"}],"wp:attachment":[{"href":"http:\/\/www.stamm-vega.de\/index.php?rest_route=%2Fwp%2Fv2%2Fmedia&parent=69"}],"curies":[{"name":"wp","href":"https:\/\/api.w.org\/{rel}","templated":true}]}}