{"id":8,"date":"2010-10-20T23:23:08","date_gmt":"2010-10-20T21:23:08","guid":{"rendered":"http:\/\/www.vega.zeidlos.de\/wp\/?page_id=8"},"modified":"2011-08-26T17:41:51","modified_gmt":"2011-08-26T15:41:51","slug":"pfadfinden","status":"publish","type":"page","link":"http:\/\/www.stamm-vega.de\/?page_id=8","title":{"rendered":"Pfadfinden"},"content":{"rendered":"<p><a href=\"http:\/\/www.stamm-vega.de\/wp\/wp-content\/uploads\/2010\/10\/fahrt2.jpg\"><img decoding=\"async\" loading=\"lazy\" class=\"alignnone size-full wp-image-80\" title=\"fahrt2\" src=\"http:\/\/www.stamm-vega.de\/wp\/wp-content\/uploads\/2010\/10\/fahrt2.jpg\" alt=\"\" width=\"640\" height=\"426\" srcset=\"http:\/\/www.stamm-vega.de\/wp\/wp-content\/uploads\/2010\/10\/fahrt2.jpg 640w, http:\/\/www.stamm-vega.de\/wp\/wp-content\/uploads\/2010\/10\/fahrt2-300x199.jpg 300w\" sizes=\"(max-width: 640px) 100vw, 640px\" \/><\/a><\/p>\n<p>Pfadfinden ist f\u00fcr viele von uns nicht nur ein nettes Hobby, sondern eine Lebenseinstellung.<\/p>\n<p>Mit offenen Augen durch die Welt zu gehen, gemeinsam Neues zu erfahren und zu erleben, das versprechen wir uns schon im jungen Alter gegenseitig.<\/p>\n<p>Unsere Wurzeln liegen in der deutschen Jugendbewegung. Im Gegensatz zu den stark milit\u00e4risch anmutenden Pfadfindergruppierungen aus dem Ausland wurde das deutsche Pfadfindertum stark von Wanderv\u00f6geln, Jungenschaften und anderem fahrenden Volk beeinflusst.<\/p>\n<p><a href=\"http:\/\/www.stamm-vega.de\/wp\/wp-content\/uploads\/2010\/10\/lager.jpg\"><img decoding=\"async\" loading=\"lazy\" class=\"alignnone size-full wp-image-82\" title=\"lager\" src=\"http:\/\/www.stamm-vega.de\/wp\/wp-content\/uploads\/2010\/10\/lager.jpg\" alt=\"\" width=\"640\" height=\"428\" srcset=\"http:\/\/www.stamm-vega.de\/wp\/wp-content\/uploads\/2010\/10\/lager.jpg 640w, http:\/\/www.stamm-vega.de\/wp\/wp-content\/uploads\/2010\/10\/lager-300x200.jpg 300w\" sizes=\"(max-width: 640px) 100vw, 640px\" \/><\/a><\/p>\n<p>Als Christliche Pfadfinder geh\u00f6rt es zu unserem Selbstverst\u00e4ndnis, uns mit der Natur, der Gesellschaft und nat\u00fcrlich auch mit Religionen kritisch auseinander zu setzen, Regeln zu hinterfragen und neues zu probieren.<\/p>\n","protected":false},"excerpt":{"rendered":"<p>Pfadfinden ist f\u00fcr viele von uns nicht nur ein nettes Hobby, sondern eine Lebenseinstellung. Mit offenen Augen durch die Welt zu gehen, gemeinsam Neues zu erfahren und zu erleben, das versprechen wir uns schon im jungen Alter gegenseitig. Unsere Wurzeln liegen in der deutschen Jugendbewegung. Im Gegensatz zu den stark milit\u00e4risch anmutenden Pfadfindergruppierungen aus dem [&hellip;]<\/p>\n","protected":false},"author":1,"featured_media":0,"parent":0,"menu_order":5,"comment_status":"closed","ping_status":"closed","template":"","meta":[],"_links":{"self":[{"href":"http:\/\/www.stamm-vega.de\/index.php?rest_route=\/wp\/v2\/pages\/8"}],"collection":[{"href":"http:\/\/www.stamm-vega.de\/index.php?rest_route=\/wp\/v2\/pages"}],"about":[{"href":"http:\/\/www.stamm-vega.de\/index.php?rest_route=\/wp\/v2\/types\/page"}],"author":[{"embeddable":true,"href":"http:\/\/www.stamm-vega.de\/index.php?rest_route=\/wp\/v2\/users\/1"}],"replies":[{"embeddable":true,"href":"http:\/\/www.stamm-vega.de\/index.php?rest_route=%2Fwp%2Fv2%2Fcomments&post=8"}],"version-history":[{"count":6,"href":"http:\/\/www.stamm-vega.de\/index.php?rest_route=\/wp\/v2\/pages\/8\/revisions"}],"predecessor-version":[{"id":81,"href":"http:\/\/www.stamm-vega.de\/index.php?rest_route=\/wp\/v2\/pages\/8\/revisions\/81"}],"wp:attachment":[{"href":"http:\/\/www.stamm-vega.de\/index.php?rest_route=%2Fwp%2Fv2%2Fmedia&parent=8"}],"curies":[{"name":"wp","href":"https:\/\/api.w.org\/{rel}","templated":true}]}}